{"id":157,"date":"2025-06-12T16:13:12","date_gmt":"2025-06-12T16:13:12","guid":{"rendered":"https:\/\/congresotecnico.ficem.org\/?page_id=157"},"modified":"2025-07-01T20:50:23","modified_gmt":"2025-07-01T20:50:23","slug":"acerca-de-ficem","status":"publish","type":"page","link":"https:\/\/congresotecnico.ficem.org\/en\/acerca-de-ficem\/","title":{"rendered":"ABOUT FICEM"},"content":{"rendered":"<div data-elementor-type=\"wp-page\" data-elementor-id=\"157\" class=\"elementor elementor-157\" data-elementor-post-type=\"page\">\n\t\t\t\t<div data-particle_enable=\"false\" data-particle-mobile-disabled=\"false\" class=\"elementor-element elementor-element-cbc04ed e-flex e-con-boxed e-con e-parent\" data-id=\"cbc04ed\" data-element_type=\"container\" data-settings=\"{&quot;background_background&quot;:&quot;classic&quot;}\">\n\t\t\t\t\t<div class=\"e-con-inner\">\n\t\t<div data-particle_enable=\"false\" data-particle-mobile-disabled=\"false\" class=\"elementor-element elementor-element-0051a94 e-con-full e-flex e-con e-child\" data-id=\"0051a94\" data-element_type=\"container\">\n\t\t\t\t<div class=\"elementor-element elementor-element-618e960 elementor-widget elementor-widget-heading\" data-id=\"618e960\" data-element_type=\"widget\" data-widget_type=\"heading.default\">\n\t\t\t\t<div class=\"elementor-widget-container\">\n\t\t\t\t\t<h2 class=\"elementor-heading-title elementor-size-default\"> ABOUT FICEM<\/h2>\t\t\t\t<\/div>\n\t\t\t\t<\/div>\n\t\t\t\t<\/div>\n\t\t<div data-particle_enable=\"false\" data-particle-mobile-disabled=\"false\" class=\"elementor-element elementor-element-3462cb8 e-con-full e-flex e-con e-child\" data-id=\"3462cb8\" data-element_type=\"container\">\n\t\t\t\t<\/div>\n\t\t\t\t\t<\/div>\n\t\t\t\t<\/div>\n\t\t<div data-particle_enable=\"false\" data-particle-mobile-disabled=\"false\" class=\"elementor-element elementor-element-9b3d8dd e-flex e-con-boxed e-con e-parent\" data-id=\"9b3d8dd\" data-element_type=\"container\">\n\t\t\t\t\t<div class=\"e-con-inner\">\n\t\t<div data-particle_enable=\"false\" data-particle-mobile-disabled=\"false\" class=\"elementor-element elementor-element-7108fc1 e-con-full e-flex e-con e-child\" data-id=\"7108fc1\" data-element_type=\"container\">\n\t\t\t\t<div class=\"elementor-element elementor-element-0ed2203 elementor-position-top elementor-widget elementor-widget-image-box\" data-id=\"0ed2203\" data-element_type=\"widget\" data-widget_type=\"image-box.default\">\n\t\t\t\t<div class=\"elementor-widget-container\">\n\t\t\t\t\t<div class=\"elementor-image-box-wrapper\"><figure class=\"elementor-image-box-img\"><img fetchpriority=\"high\" decoding=\"async\" width=\"374\" height=\"135\" src=\"https:\/\/congresotecnico.ficem.org\/wp-content\/uploads\/2025\/07\/Recurso-1-7.png\" class=\"attachment-full size-full wp-image-395\" alt=\"\" srcset=\"https:\/\/congresotecnico.ficem.org\/wp-content\/uploads\/2025\/07\/Recurso-1-7.png 374w, https:\/\/congresotecnico.ficem.org\/wp-content\/uploads\/2025\/07\/Recurso-1-7-300x108.png 300w, https:\/\/congresotecnico.ficem.org\/wp-content\/uploads\/2025\/07\/Recurso-1-7-18x6.png 18w\" sizes=\"(max-width: 374px) 100vw, 374px\" \/><\/figure><div class=\"elementor-image-box-content\"><p class=\"elementor-image-box-description\">La <b>The Inter-American Cement Federation (FICEM)<\/b> represents cement-producing companies, institutes, and associations across Latin America and the Caribbean. Its mission is to promote and strengthen the key pillars of the global cement agenda, including climate and biodiversity protection, circular economy, energy efficiency, climate change adaptation, and greenhouse gas (GHG) emissions mitigation. It also promotes best practices in the use of cement and concrete through their various applications. \n\n<br><br>FICEM also leads the regional cement industry's efforts to achieve carbon neutrality by 2050.<\/p><\/div><\/div>\t\t\t\t<\/div>\n\t\t\t\t<\/div>\n\t\t\t\t<\/div>\n\t\t<div data-particle_enable=\"false\" data-particle-mobile-disabled=\"false\" class=\"elementor-element elementor-element-b7e1d00 e-con-full e-flex e-con e-child\" data-id=\"b7e1d00\" data-element_type=\"container\">\n\t\t\t\t<div class=\"elementor-element elementor-element-f17709f elementor-widget elementor-widget-image\" data-id=\"f17709f\" data-element_type=\"widget\" data-widget_type=\"image.default\">\n\t\t\t\t<div class=\"elementor-widget-container\">\n\t\t\t\t\t\t\t\t\t\t\t\t\t\t\t<img decoding=\"async\" width=\"800\" height=\"534\" src=\"https:\/\/congresotecnico.ficem.org\/wp-content\/uploads\/2025\/06\/shutterstock_448063891-1024x683.jpg\" class=\"attachment-large size-large wp-image-161\" alt=\"\" srcset=\"https:\/\/congresotecnico.ficem.org\/wp-content\/uploads\/2025\/06\/shutterstock_448063891-1024x683.jpg 1024w, https:\/\/congresotecnico.ficem.org\/wp-content\/uploads\/2025\/06\/shutterstock_448063891-300x200.jpg 300w, https:\/\/congresotecnico.ficem.org\/wp-content\/uploads\/2025\/06\/shutterstock_448063891-768x512.jpg 768w, https:\/\/congresotecnico.ficem.org\/wp-content\/uploads\/2025\/06\/shutterstock_448063891-1536x1024.jpg 1536w, https:\/\/congresotecnico.ficem.org\/wp-content\/uploads\/2025\/06\/shutterstock_448063891.jpg 1920w\" sizes=\"(max-width: 800px) 100vw, 800px\" \/>\t\t\t\t\t\t\t\t\t\t\t\t\t\t\t<\/div>\n\t\t\t\t<\/div>\n\t\t\t\t<\/div>\n\t\t\t\t\t<\/div>\n\t\t\t\t<\/div>\n\t\t\t\t<\/div>","protected":false},"excerpt":{"rendered":"<p>ACERCA DE FICEM La Federaci\u00f3n Interamericana del Cemento representa a las empresas productoras, institutos y asociaciones de cemento en Am\u00e9rica Latina y el Caribe. Tiene como misi\u00f3n la divulgaci\u00f3n y fortalecimiento de los enunciados de la agenda global del cemento, tales como, la protecci\u00f3n del clima y biodiversidad, econom\u00eda circular, la eficiencia energ\u00e9tica, la adaptaci\u00f3n [&hellip;]<\/p>","protected":false},"author":1,"featured_media":0,"parent":0,"menu_order":0,"comment_status":"closed","ping_status":"closed","template":"","meta":{"_eb_attr":"","footnotes":""},"class_list":["post-157","page","type-page","status-publish","hentry"],"_links":{"self":[{"href":"https:\/\/congresotecnico.ficem.org\/en\/wp-json\/wp\/v2\/pages\/157","targetHints":{"allow":["GET"]}}],"collection":[{"href":"https:\/\/congresotecnico.ficem.org\/en\/wp-json\/wp\/v2\/pages"}],"about":[{"href":"https:\/\/congresotecnico.ficem.org\/en\/wp-json\/wp\/v2\/types\/page"}],"author":[{"embeddable":true,"href":"https:\/\/congresotecnico.ficem.org\/en\/wp-json\/wp\/v2\/users\/1"}],"replies":[{"embeddable":true,"href":"https:\/\/congresotecnico.ficem.org\/en\/wp-json\/wp\/v2\/comments?post=157"}],"version-history":[{"count":22,"href":"https:\/\/congresotecnico.ficem.org\/en\/wp-json\/wp\/v2\/pages\/157\/revisions"}],"predecessor-version":[{"id":424,"href":"https:\/\/congresotecnico.ficem.org\/en\/wp-json\/wp\/v2\/pages\/157\/revisions\/424"}],"wp:attachment":[{"href":"https:\/\/congresotecnico.ficem.org\/en\/wp-json\/wp\/v2\/media?parent=157"}],"curies":[{"name":"wp","href":"https:\/\/api.w.org\/{rel}","templated":true}]}}