{"id":194,"date":"2025-06-16T15:47:35","date_gmt":"2025-06-16T15:47:35","guid":{"rendered":"https:\/\/congresotecnico.ficem.org\/?page_id=194"},"modified":"2025-06-18T13:47:17","modified_gmt":"2025-06-18T13:47:17","slug":"pais-anfitrion","status":"publish","type":"page","link":"https:\/\/congresotecnico.ficem.org\/en\/pais-anfitrion\/","title":{"rendered":"HOST COUNTRY"},"content":{"rendered":"<div data-elementor-type=\"wp-page\" data-elementor-id=\"194\" class=\"elementor elementor-194\" data-elementor-post-type=\"page\">\n\t\t\t\t<div data-particle_enable=\"false\" data-particle-mobile-disabled=\"false\" class=\"elementor-element elementor-element-cbc04ed e-flex e-con-boxed e-con e-parent\" data-id=\"cbc04ed\" data-element_type=\"container\" data-settings=\"{&quot;background_background&quot;:&quot;classic&quot;}\">\n\t\t\t\t\t<div class=\"e-con-inner\">\n\t\t<div data-particle_enable=\"false\" data-particle-mobile-disabled=\"false\" class=\"elementor-element elementor-element-0051a94 e-con-full e-flex e-con e-child\" data-id=\"0051a94\" data-element_type=\"container\">\n\t\t\t\t<div class=\"elementor-element elementor-element-618e960 elementor-widget elementor-widget-heading\" data-id=\"618e960\" data-element_type=\"widget\" data-widget_type=\"heading.default\">\n\t\t\t\t<div class=\"elementor-widget-container\">\n\t\t\t\t\t<h2 class=\"elementor-heading-title elementor-size-default\">HOST COUNTRY<\/h2>\t\t\t\t<\/div>\n\t\t\t\t<\/div>\n\t\t\t\t<\/div>\n\t\t<div data-particle_enable=\"false\" data-particle-mobile-disabled=\"false\" class=\"elementor-element elementor-element-3462cb8 e-con-full e-flex e-con e-child\" data-id=\"3462cb8\" data-element_type=\"container\">\n\t\t\t\t<\/div>\n\t\t\t\t\t<\/div>\n\t\t\t\t<\/div>\n\t\t<div data-particle_enable=\"false\" data-particle-mobile-disabled=\"false\" class=\"elementor-element elementor-element-270dc0c e-flex e-con-boxed e-con e-parent\" data-id=\"270dc0c\" data-element_type=\"container\">\n\t\t\t\t\t<div class=\"e-con-inner\">\n\t\t\t\t<div class=\"elementor-element elementor-element-69f0056 elementor-widget elementor-widget-image\" data-id=\"69f0056\" data-element_type=\"widget\" data-widget_type=\"image.default\">\n\t\t\t\t<div class=\"elementor-widget-container\">\n\t\t\t\t\t\t\t\t\t\t\t\t\t\t\t<img fetchpriority=\"high\" decoding=\"async\" width=\"915\" height=\"230\" src=\"https:\/\/congresotecnico.ficem.org\/wp-content\/uploads\/2025\/06\/Banner-Peru.jpg\" class=\"attachment-full size-full wp-image-294\" alt=\"\" srcset=\"https:\/\/congresotecnico.ficem.org\/wp-content\/uploads\/2025\/06\/Banner-Peru.jpg 915w, https:\/\/congresotecnico.ficem.org\/wp-content\/uploads\/2025\/06\/Banner-Peru-300x75.jpg 300w, https:\/\/congresotecnico.ficem.org\/wp-content\/uploads\/2025\/06\/Banner-Peru-768x193.jpg 768w\" sizes=\"(max-width: 915px) 100vw, 915px\" \/>\t\t\t\t\t\t\t\t\t\t\t\t\t\t\t<\/div>\n\t\t\t\t<\/div>\n\t\t\t\t\t<\/div>\n\t\t\t\t<\/div>\n\t\t<div data-particle_enable=\"false\" data-particle-mobile-disabled=\"false\" class=\"elementor-element elementor-element-32e7ccb e-flex e-con-boxed e-con e-parent\" data-id=\"32e7ccb\" data-element_type=\"container\">\n\t\t\t\t\t<div class=\"e-con-inner\">\n\t\t<div data-particle_enable=\"false\" data-particle-mobile-disabled=\"false\" class=\"elementor-element elementor-element-495aa5d e-con-full e-flex e-con e-child\" data-id=\"495aa5d\" data-element_type=\"container\">\n\t\t\t\t<div class=\"elementor-element elementor-element-3fe55da elementor-widget elementor-widget-heading\" data-id=\"3fe55da\" data-element_type=\"widget\" data-widget_type=\"heading.default\">\n\t\t\t\t<div class=\"elementor-widget-container\">\n\t\t\t\t\t<h2 class=\"elementor-heading-title elementor-size-default\">Discover Peru \u2013 A land of history, culture, and unforgettable flavors!<\/h2>\t\t\t\t<\/div>\n\t\t\t\t<\/div>\n\t\t\t\t<div class=\"elementor-element elementor-element-3c068f7 elementor-widget elementor-widget-text-editor\" data-id=\"3c068f7\" data-element_type=\"widget\" data-widget_type=\"text-editor.default\">\n\t\t\t\t<div class=\"elementor-widget-container\">\n\t\t\t\t\t\t\t\t\t<p>Located in the heart of South America, Peru is a fascinating destination that blends natural wonders, a rich cultural heritage, and world-renowned cuisine. From the majestic citadel of Machu Picchu to the vibrant urban life of Lima, the country offers an unforgettable experience for every visitor.<\/p><p>Attending the FICEM Technical Congress is also a unique opportunity to explore one of the continent\u2019s most iconic destinations.<\/p>\t\t\t\t\t\t\t\t<\/div>\n\t\t\t\t<\/div>\n\t\t\t\t<\/div>\n\t\t<div data-particle_enable=\"false\" data-particle-mobile-disabled=\"false\" class=\"elementor-element elementor-element-d92d86e e-con-full e-flex e-con e-child\" data-id=\"d92d86e\" data-element_type=\"container\">\n\t\t\t\t<div class=\"elementor-element elementor-element-813b095 elementor-widget elementor-widget-image\" data-id=\"813b095\" data-element_type=\"widget\" data-widget_type=\"image.default\">\n\t\t\t\t<div class=\"elementor-widget-container\">\n\t\t\t\t\t\t\t\t\t\t\t\t\t\t\t<img decoding=\"async\" width=\"1000\" height=\"533\" src=\"https:\/\/congresotecnico.ficem.org\/wp-content\/uploads\/2025\/06\/shutterstock_2500799403-e1750089422317.jpg\" class=\"attachment-full size-full wp-image-197\" alt=\"\" srcset=\"https:\/\/congresotecnico.ficem.org\/wp-content\/uploads\/2025\/06\/shutterstock_2500799403-e1750089422317.jpg 1000w, https:\/\/congresotecnico.ficem.org\/wp-content\/uploads\/2025\/06\/shutterstock_2500799403-e1750089422317-300x160.jpg 300w, https:\/\/congresotecnico.ficem.org\/wp-content\/uploads\/2025\/06\/shutterstock_2500799403-e1750089422317-768x409.jpg 768w\" sizes=\"(max-width: 1000px) 100vw, 1000px\" \/>\t\t\t\t\t\t\t\t\t\t\t\t\t\t\t<\/div>\n\t\t\t\t<\/div>\n\t\t\t\t<\/div>\n\t\t\t\t\t<\/div>\n\t\t\t\t<\/div>\n\t\t<div data-particle_enable=\"false\" data-particle-mobile-disabled=\"false\" class=\"elementor-element elementor-element-518ed7c e-flex e-con-boxed e-con e-parent\" data-id=\"518ed7c\" data-element_type=\"container\" data-settings=\"{&quot;background_background&quot;:&quot;classic&quot;}\">\n\t\t\t\t\t<div class=\"e-con-inner\">\n\t\t\t\t<div class=\"elementor-element elementor-element-1b64da5 elementor-widget elementor-widget-text-editor\" data-id=\"1b64da5\" data-element_type=\"widget\" data-widget_type=\"text-editor.default\">\n\t\t\t\t<div class=\"elementor-widget-container\">\n\t\t\t\t\t\t\t\t\t<p><strong>Host City:<\/strong><\/p>\t\t\t\t\t\t\t\t<\/div>\n\t\t\t\t<\/div>\n\t\t\t\t<div class=\"elementor-element elementor-element-94892ed elementor-widget elementor-widget-heading\" data-id=\"94892ed\" data-element_type=\"widget\" data-widget_type=\"heading.default\">\n\t\t\t\t<div class=\"elementor-widget-container\">\n\t\t\t\t\t<h2 class=\"elementor-heading-title elementor-size-default\">Lima \u2013 The Vibrant Heart of the South Pacific<\/h2>\t\t\t\t<\/div>\n\t\t\t\t<\/div>\n\t\t\t\t<div class=\"elementor-element elementor-element-c3f151b elementor-widget elementor-widget-text-editor\" data-id=\"c3f151b\" data-element_type=\"widget\" data-widget_type=\"text-editor.default\">\n\t\t\t\t<div class=\"elementor-widget-container\">\n\t\t\t\t\t\t\t\t\t<p>Modern, dynamic, and rich in history, Lima is a city that truly has it all. As the capital of Peru, it blends ancient heritage with a lively and cosmopolitan atmosphere. From its stunning seaside cliffs and colonial architecture to world-class museums and a globally acclaimed culinary scene, Lima offers an unforgettable experience for every visitor.<\/p>\t\t\t\t\t\t\t\t<\/div>\n\t\t\t\t<\/div>\n\t\t\t\t<div class=\"elementor-element elementor-element-b66ae8a elementor-widget elementor-widget-gallery\" data-id=\"b66ae8a\" data-element_type=\"widget\" data-settings=\"{&quot;gap&quot;:{&quot;unit&quot;:&quot;px&quot;,&quot;size&quot;:0,&quot;sizes&quot;:[]},&quot;lazyload&quot;:&quot;yes&quot;,&quot;gallery_layout&quot;:&quot;grid&quot;,&quot;columns&quot;:4,&quot;columns_tablet&quot;:2,&quot;columns_mobile&quot;:1,&quot;gap_tablet&quot;:{&quot;unit&quot;:&quot;px&quot;,&quot;size&quot;:10,&quot;sizes&quot;:[]},&quot;gap_mobile&quot;:{&quot;unit&quot;:&quot;px&quot;,&quot;size&quot;:10,&quot;sizes&quot;:[]},&quot;aspect_ratio&quot;:&quot;3:2&quot;,&quot;overlay_background&quot;:&quot;yes&quot;,&quot;content_hover_animation&quot;:&quot;fade-in&quot;}\" data-widget_type=\"gallery.default\">\n\t\t\t\t<div class=\"elementor-widget-container\">\n\t\t\t\t\t\t\t<div class=\"elementor-gallery__container\">\n\t\t\t\t\t\t\t<div class=\"e-gallery-item elementor-gallery-item elementor-animated-content\">\n\t\t\t\t\t<div class=\"e-gallery-image elementor-gallery-item__image\" data-thumbnail=\"https:\/\/congresotecnico.ficem.org\/wp-content\/uploads\/2025\/06\/shutterstock_2524614869.jpg\" data-width=\"1000\" data-height=\"698\" aria-label=\"\" role=\"img\" ><\/div>\n\t\t\t\t\t\t\t\t\t\t\t<div class=\"elementor-gallery-item__overlay\"><\/div>\n\t\t\t\t\t\t\t\t\t\t\t\t\t\t<\/div>\n\t\t\t\t\t\t\t<div class=\"e-gallery-item elementor-gallery-item elementor-animated-content\">\n\t\t\t\t\t<div class=\"e-gallery-image elementor-gallery-item__image\" data-thumbnail=\"https:\/\/congresotecnico.ficem.org\/wp-content\/uploads\/2025\/06\/shutterstock_2552324717-1.jpg\" data-width=\"1000\" data-height=\"667\" aria-label=\"\" role=\"img\" ><\/div>\n\t\t\t\t\t\t\t\t\t\t\t<div class=\"elementor-gallery-item__overlay\"><\/div>\n\t\t\t\t\t\t\t\t\t\t\t\t\t\t<\/div>\n\t\t\t\t\t\t\t<div class=\"e-gallery-item elementor-gallery-item elementor-animated-content\">\n\t\t\t\t\t<div class=\"e-gallery-image elementor-gallery-item__image\" data-thumbnail=\"https:\/\/congresotecnico.ficem.org\/wp-content\/uploads\/2025\/06\/shutterstock_2581712763.jpg\" data-width=\"1000\" data-height=\"667\" aria-label=\"\" role=\"img\" ><\/div>\n\t\t\t\t\t\t\t\t\t\t\t<div class=\"elementor-gallery-item__overlay\"><\/div>\n\t\t\t\t\t\t\t\t\t\t\t\t\t\t<\/div>\n\t\t\t\t\t\t\t<div class=\"e-gallery-item elementor-gallery-item elementor-animated-content\">\n\t\t\t\t\t<div class=\"e-gallery-image elementor-gallery-item__image\" data-thumbnail=\"https:\/\/congresotecnico.ficem.org\/wp-content\/uploads\/2025\/06\/shutterstock_2596554589.jpg\" data-width=\"1000\" data-height=\"668\" aria-label=\"\" role=\"img\" ><\/div>\n\t\t\t\t\t\t\t\t\t\t\t<div class=\"elementor-gallery-item__overlay\"><\/div>\n\t\t\t\t\t\t\t\t\t\t\t\t\t\t<\/div>\n\t\t\t\t\t<\/div>\n\t\t\t\t\t<\/div>\n\t\t\t\t<\/div>\n\t\t\t\t\t<\/div>\n\t\t\t\t<\/div>\n\t\t\t\t<\/div>","protected":false},"excerpt":{"rendered":"<p>PA\u00cdS ANFITRI\u00d3N \u00a1Descubre Per\u00fa, un pa\u00eds de historia, cultura y sabores \u00fanicos! Ubicado en el coraz\u00f3n de Am\u00e9rica del Sur, Per\u00fa es un destino fascinante que combina maravillas naturales, una rica herencia cultural y una gastronom\u00eda reconocida a nivel mundial. Desde la imponente ciudadela de Machu Picchu hasta la vibrante vida urbana de Lima, el [&hellip;]<\/p>","protected":false},"author":1,"featured_media":0,"parent":0,"menu_order":0,"comment_status":"closed","ping_status":"closed","template":"","meta":{"_eb_attr":"","footnotes":""},"class_list":["post-194","page","type-page","status-publish","hentry"],"_links":{"self":[{"href":"https:\/\/congresotecnico.ficem.org\/en\/wp-json\/wp\/v2\/pages\/194","targetHints":{"allow":["GET"]}}],"collection":[{"href":"https:\/\/congresotecnico.ficem.org\/en\/wp-json\/wp\/v2\/pages"}],"about":[{"href":"https:\/\/congresotecnico.ficem.org\/en\/wp-json\/wp\/v2\/types\/page"}],"author":[{"embeddable":true,"href":"https:\/\/congresotecnico.ficem.org\/en\/wp-json\/wp\/v2\/users\/1"}],"replies":[{"embeddable":true,"href":"https:\/\/congresotecnico.ficem.org\/en\/wp-json\/wp\/v2\/comments?post=194"}],"version-history":[{"count":7,"href":"https:\/\/congresotecnico.ficem.org\/en\/wp-json\/wp\/v2\/pages\/194\/revisions"}],"predecessor-version":[{"id":297,"href":"https:\/\/congresotecnico.ficem.org\/en\/wp-json\/wp\/v2\/pages\/194\/revisions\/297"}],"wp:attachment":[{"href":"https:\/\/congresotecnico.ficem.org\/en\/wp-json\/wp\/v2\/media?parent=194"}],"curies":[{"name":"wp","href":"https:\/\/api.w.org\/{rel}","templated":true}]}}