{"id":245,"date":"2025-06-16T18:44:03","date_gmt":"2025-06-16T18:44:03","guid":{"rendered":"https:\/\/congresotecnico.ficem.org\/?page_id=245"},"modified":"2025-09-12T23:28:53","modified_gmt":"2025-09-12T23:28:53","slug":"programa","status":"publish","type":"page","link":"https:\/\/congresotecnico.ficem.org\/en\/programa\/","title":{"rendered":"PROGRAM"},"content":{"rendered":"<div data-elementor-type=\"wp-page\" data-elementor-id=\"245\" class=\"elementor elementor-245\" data-elementor-post-type=\"page\">\n\t\t\t\t<div data-particle_enable=\"false\" data-particle-mobile-disabled=\"false\" class=\"elementor-element elementor-element-cbc04ed e-flex e-con-boxed e-con e-parent\" data-id=\"cbc04ed\" data-element_type=\"container\" data-settings=\"{&quot;background_background&quot;:&quot;classic&quot;}\">\n\t\t\t\t\t<div class=\"e-con-inner\">\n\t\t<div data-particle_enable=\"false\" data-particle-mobile-disabled=\"false\" class=\"elementor-element elementor-element-0051a94 e-con-full e-flex e-con e-child\" data-id=\"0051a94\" data-element_type=\"container\">\n\t\t\t\t<div class=\"elementor-element elementor-element-618e960 elementor-widget elementor-widget-heading\" data-id=\"618e960\" data-element_type=\"widget\" data-widget_type=\"heading.default\">\n\t\t\t\t<div class=\"elementor-widget-container\">\n\t\t\t\t\t<h2 class=\"elementor-heading-title elementor-size-default\">PROGRAM<\/h2>\t\t\t\t<\/div>\n\t\t\t\t<\/div>\n\t\t\t\t<\/div>\n\t\t<div data-particle_enable=\"false\" data-particle-mobile-disabled=\"false\" class=\"elementor-element elementor-element-3462cb8 e-con-full e-flex e-con e-child\" data-id=\"3462cb8\" data-element_type=\"container\">\n\t\t\t\t<\/div>\n\t\t\t\t\t<\/div>\n\t\t\t\t<\/div>\n\t\t<div data-particle_enable=\"false\" data-particle-mobile-disabled=\"false\" class=\"elementor-element elementor-element-8aee547 e-flex e-con-boxed e-con e-parent\" data-id=\"8aee547\" data-element_type=\"container\">\n\t\t\t\t\t<div class=\"e-con-inner\">\n\t\t<div data-particle_enable=\"false\" data-particle-mobile-disabled=\"false\" class=\"elementor-element elementor-element-f653b3c e-con-full e-flex e-con e-child\" data-id=\"f653b3c\" data-element_type=\"container\">\n\t\t\t\t<div class=\"elementor-element elementor-element-74abd2f elementor-widget elementor-widget-heading\" data-id=\"74abd2f\" data-element_type=\"widget\" data-widget_type=\"heading.default\">\n\t\t\t\t<div class=\"elementor-widget-container\">\n\t\t\t\t\t<h2 class=\"elementor-heading-title elementor-size-default\">A High-Level Agenda with the Leaders Shaping the Industry<\/h2>\t\t\t\t<\/div>\n\t\t\t\t<\/div>\n\t\t\t\t<div class=\"elementor-element elementor-element-e83a613 elementor-widget elementor-widget-text-editor\" data-id=\"e83a613\" data-element_type=\"widget\" data-widget_type=\"text-editor.default\">\n\t\t\t\t<div class=\"elementor-widget-container\">\n\t\t\t\t\t\t\t\t\t<p>This edition of the FICEM Technical Congress 2025 offers a world-class agenda featuring specialized conferences, strategic panel discussions, and unique spaces for technical exchange.<\/p><p>We will be joined by renowned international speakers, recognized for their expertise and leadership in innovative and sustainable solutions, as well as representatives from the region\u2019s leading cement companies and global technology providers. They will share insights, success stories, and cutting-edge developments that are driving the transformation of our industry.<\/p><p>Get ready for a rich and impactful experience that will set the tone for the future of the cement industry in Latin America and the Caribbean.<\/p>\t\t\t\t\t\t\t\t<\/div>\n\t\t\t\t<\/div>\n\t\t\t\t<\/div>\n\t\t<div data-particle_enable=\"false\" data-particle-mobile-disabled=\"false\" class=\"elementor-element elementor-element-f25d1d2 e-con-full e-flex e-con e-child\" data-id=\"f25d1d2\" data-element_type=\"container\">\n\t\t\t\t<div class=\"elementor-element elementor-element-bcd8cb5 elementor-widget elementor-widget-image\" data-id=\"bcd8cb5\" data-element_type=\"widget\" data-widget_type=\"image.default\">\n\t\t\t\t<div class=\"elementor-widget-container\">\n\t\t\t\t\t\t\t\t\t\t\t\t\t\t\t<img fetchpriority=\"high\" decoding=\"async\" width=\"1000\" height=\"667\" src=\"https:\/\/congresotecnico.ficem.org\/wp-content\/uploads\/2025\/06\/shutterstock_2354068809-1.jpg\" class=\"attachment-full size-full wp-image-228\" alt=\"\" srcset=\"https:\/\/congresotecnico.ficem.org\/wp-content\/uploads\/2025\/06\/shutterstock_2354068809-1.jpg 1000w, https:\/\/congresotecnico.ficem.org\/wp-content\/uploads\/2025\/06\/shutterstock_2354068809-1-300x200.jpg 300w, https:\/\/congresotecnico.ficem.org\/wp-content\/uploads\/2025\/06\/shutterstock_2354068809-1-768x512.jpg 768w\" sizes=\"(max-width: 1000px) 100vw, 1000px\" \/>\t\t\t\t\t\t\t\t\t\t\t\t\t\t\t<\/div>\n\t\t\t\t<\/div>\n\t\t\t\t<\/div>\n\t\t\t\t\t<\/div>\n\t\t\t\t<\/div>\n\t\t<div data-particle_enable=\"false\" data-particle-mobile-disabled=\"false\" class=\"elementor-element elementor-element-0fba2cf e-flex e-con-boxed e-con e-parent\" data-id=\"0fba2cf\" data-element_type=\"container\">\n\t\t\t\t\t<div class=\"e-con-inner\">\n\t\t\t\t<div class=\"elementor-element elementor-element-2709e04 elementor-widget elementor-widget-heading\" data-id=\"2709e04\" data-element_type=\"widget\" data-widget_type=\"heading.default\">\n\t\t\t\t<div class=\"elementor-widget-container\">\n\t\t\t\t\t<h2 class=\"elementor-heading-title elementor-size-default\">FINAL AGENDA <\/h2>\t\t\t\t<\/div>\n\t\t\t\t<\/div>\n\t\t\t\t<div class=\"elementor-element elementor-element-48d384f elementor-widget elementor-widget-image\" data-id=\"48d384f\" data-element_type=\"widget\" data-widget_type=\"image.default\">\n\t\t\t\t<div class=\"elementor-widget-container\">\n\t\t\t\t\t\t\t\t\t\t\t\t\t\t\t<img decoding=\"async\" src=\"https:\/\/diskweb1.com\/ficem\/imagen-ingles.jpg\" title=\"\" alt=\"\" loading=\"lazy\" \/>\t\t\t\t\t\t\t\t\t\t\t\t\t\t\t<\/div>\n\t\t\t\t<\/div>\n\t\t\t\t\t<\/div>\n\t\t\t\t<\/div>\n\t\t\t\t<\/div>","protected":false},"excerpt":{"rendered":"<p>PROGRAMA Una agenda de alto nivel con los l\u00edderes que est\u00e1n transformando la industria En esta edici\u00f3n del Congreso T\u00e9cnico FICEM 2025 te espera una agenda de primer nivel con conferencias especializadas, paneles de discusi\u00f3n estrat\u00e9gicos y espacios de intercambio t\u00e9cnico \u00fanicos. Contaremos con la participaci\u00f3n de destacados speakers internacionales, reconocidos por su trayectoria y [&hellip;]<\/p>","protected":false},"author":1,"featured_media":0,"parent":0,"menu_order":0,"comment_status":"closed","ping_status":"closed","template":"","meta":{"_eb_attr":"","footnotes":""},"class_list":["post-245","page","type-page","status-publish","hentry"],"_links":{"self":[{"href":"https:\/\/congresotecnico.ficem.org\/en\/wp-json\/wp\/v2\/pages\/245","targetHints":{"allow":["GET"]}}],"collection":[{"href":"https:\/\/congresotecnico.ficem.org\/en\/wp-json\/wp\/v2\/pages"}],"about":[{"href":"https:\/\/congresotecnico.ficem.org\/en\/wp-json\/wp\/v2\/types\/page"}],"author":[{"embeddable":true,"href":"https:\/\/congresotecnico.ficem.org\/en\/wp-json\/wp\/v2\/users\/1"}],"replies":[{"embeddable":true,"href":"https:\/\/congresotecnico.ficem.org\/en\/wp-json\/wp\/v2\/comments?post=245"}],"version-history":[{"count":49,"href":"https:\/\/congresotecnico.ficem.org\/en\/wp-json\/wp\/v2\/pages\/245\/revisions"}],"predecessor-version":[{"id":808,"href":"https:\/\/congresotecnico.ficem.org\/en\/wp-json\/wp\/v2\/pages\/245\/revisions\/808"}],"wp:attachment":[{"href":"https:\/\/congresotecnico.ficem.org\/en\/wp-json\/wp\/v2\/media?parent=245"}],"curies":[{"name":"wp","href":"https:\/\/api.w.org\/{rel}","templated":true}]}}